{"id":48,"date":"2025-04-12T22:03:14","date_gmt":"2025-04-12T20:03:14","guid":{"rendered":"https:\/\/lamoto.org\/?page_id=48"},"modified":"2025-04-12T22:09:57","modified_gmt":"2025-04-12T20:09:57","slug":"lassociation","status":"publish","type":"page","link":"http:\/\/lamoto.org\/index.php\/lassociation\/","title":{"rendered":"L&rsquo;association"},"content":{"rendered":"\n<h1 class=\"wp-block-heading\">Pr\u00e9sentation : Une Association dynamique<\/h1>\n\n\n\n<h3 class=\"wp-block-heading\">Fiche d&rsquo;identit\u00e9<\/h3>\n\n\n\n<figure class=\"wp-block-table\"><table class=\"has-fixed-layout\"><tbody><tr><td>D\u00e9nomination<\/td><td>L&rsquo;Association des MOtards de TOurisme<\/td><\/tr><tr><td>Acronyme<\/td><td>LAMOTO<\/td><\/tr><tr><td>Date de cr\u00e9ation<\/td><td>26\/07\/1997 &#8211; n\u00b0 parution JO :19970030 &#8211; n\u00b0 annonce : 1149 &#8211;<\/td><\/tr><tr><td>&nbsp;<\/td><td>&nbsp;<\/td><\/tr><tr><td>Affiliation f\u00e9d\u00e9rale<\/td><td>F\u00e9d\u00e9ration Fran\u00e7aise de Moto (FFM)<\/td><\/tr><tr><td>Affiliation Ligue<\/td><td>Ligue des Pays de la Loire<\/td><\/tr><tr><td>Type associatif<\/td><td>Association loi 1901<\/td><\/tr><tr><td>&nbsp;<\/td><td>&nbsp;<\/td><\/tr><\/tbody><\/table><\/figure>\n\n\n\n<h3 class=\"wp-block-heading\">Une vocation<\/h3>\n\n\n\n<p>Le fonctionnement de L&rsquo;Association des MOtards de Tourisme (LAMOTO) repose Principalement sur le b\u00e9n\u00e9volat et l\u2019implication, \u00e0 tous les niveaux, de dirigeants.<\/p>\n\n\n\n<p>Les membres du comit\u00e9 directeur et les relais d\u00e9partementaux, passionn\u00e9s, permettent une pr\u00e9sence active et soutenue aupr\u00e8s des institutions administratives, sportives ou touristiques, \u00e0 tous les niveaux, d\u00e9partemental, r\u00e9gional, national voire international pour \u00eatre ainsi l\u2019interface entre les structures et les licenci\u00e9s et adh\u00e9rents.<\/p>\n\n\n\n<p>Le bureau<\/p>\n\n\n\n<p>Les membres du bureau sont les acteurs principaux de LAMOTO, \u00e0 ce titre ils g\u00e8rent et assurent le bon fonctionnement de l\u2019association dans le respect des statuts, \u00e0 savoir:<\/p>\n\n\n\n<ul class=\"wp-block-list\">\n<li>l\u2019activit\u00e9 de LAMOTO sur le territoire fran\u00e7ais et d\u00e9partements Outre-mer et en assurent la promotion,<\/li>\n\n\n\n<li>l\u2019animation aupr\u00e8s des adh\u00e9rents,<\/li>\n\n\n\n<li>l\u2019organisation de manifestations et de randonn\u00e9es,<\/li>\n\n\n\n<li>l\u2019aide et le soutien aux clubs en liaison (amis, sections)<\/li>\n\n\n\n<li>la promotion du championnat de France de tourisme \u00e0 moto,<\/li>\n\n\n\n<li>un cahier des charges de pr\u00e9conisations,<\/li>\n\n\n\n<li>la mise en place d&rsquo;un fonds documentaire pour le tourisme \u00e0 moto.<\/li>\n<\/ul>\n\n\n\n<h3 class=\"wp-block-heading\">Une \u00e9thique (mission)<\/h3>\n\n\n\n<p><strong>LAMOTO <\/strong>s&rsquo;int\u00e9resse \u00e0 toutes les activit\u00e9s li\u00e9es au d\u00e9placement de loisir \u00e0 moto, aux rassemblements de masse comme aux d\u00e9placements individuels, aux \u00e9preuves du championnat de France de tourisme \u00e0 moto, dans le respect des r\u00e8gles de s\u00e9curit\u00e9, des am\u00e9nagements et de la protection de l\u2019environnement\u2026<\/p>\n\n\n\n<p>Elle participe \u00e0 la gestion de l\u2019organisation et au d\u00e9veloppement de la pratique de la moto de tourisme dans un esprit de convivialit\u00e9 et valorise ainsi dans ses activit\u00e9s, ses quatre composantes : tourisme, sport-sant\u00e9, culture, solidarit\u00e9. Elle soutient notamment les clubs \u00e0 petite structure ou cherchant \u00e0 se d\u00e9velopper dans le cadre de la promotion du tourisme \u00e0 moto.<\/p>\n\n\n\n<p>On retrouve les activit\u00e9s de LAMOTO avec :<\/p>\n\n\n\n<ul class=\"wp-block-list\">\n<li><a href=\"https:\/\/www.preventionroutiere.asso.fr\/comite\/vendee\/\">le Comit\u00e9 D\u00e9partemental de S\u00e9curit\u00e9 Routi\u00e8re<\/a><\/li>\n\n\n\n<li><a href=\"https:\/\/www.facebook.com\/p\/Les-Amis-De-La-Moto-100064847825002\/?locale=fr_FR\">les Clubs amis de LAMOTO<\/a><\/li>\n\n\n\n<li>les Clubs sections de LAMOTO<\/li>\n\n\n\n<li>Partage des avantages entre membre (soutien, annuaire, publication de partenariats, etc&#8230;)<\/li>\n<\/ul>\n\n\n\n<p>LAMOTO est \u00e9galement en contact permanent ou li\u00e9e par des conventions avec :<\/p>\n\n\n\n<ul class=\"wp-block-list\">\n<li><a href=\"https:\/\/www.ecologie.gouv.fr\/\">le minist\u00e8re de l\u2019Environnement<\/a><\/li>\n\n\n\n<li><a href=\"https:\/\/www.ecologie.gouv.fr\/politiques-publiques\/transport-routier\">le minist\u00e8re des transports<\/a><\/li>\n\n\n\n<li><a href=\"https:\/\/www.interieur.gouv.fr\/\">le minist\u00e8re de l\u2019Int\u00e9rieur<\/a><\/li>\n\n\n\n<li><a href=\"https:\/\/www.diplomatie.gouv.fr\/fr\/politique-etrangere-de-la-france\/tourisme\/\">le minist\u00e8re du Tourisme<\/a><\/li>\n\n\n\n<li><a href=\"https:\/\/www.ecologie.gouv.fr\/\">le minist\u00e8re de l\u2019\u00c9quipement,<\/a><\/li>\n\n\n\n<li><a href=\"https:\/\/www.ffmoto.org\/\">la F\u00e9d\u00e9ration fran\u00e7aise de motocyclisme (FFM)<\/a><\/li>\n\n\n\n<li>le Conseil national des professions de la moto<\/li>\n\n\n\n<li><a href=\"https:\/\/www.parcs-naturels-regionaux.fr\/federation-nationale-des-gites-de-france\">la F\u00e9d\u00e9ration des g\u00eetes de France<\/a><\/li>\n\n\n\n<li><a href=\"https:\/\/clubs.ffcc.fr\/fr\/federation-unie-des-auberges-de-jeunesse\/728\/\">la F\u00e9d\u00e9ration unie des auberges de jeunesse<\/a><\/li>\n\n\n\n<li><a href=\"https:\/\/www.helloasso.com\/associations\/les-chevaliers-de-la-route\">les chevaliers de la route<\/a><\/li>\n<\/ul>\n\n\n\n<p><\/p>\n","protected":false},"excerpt":{"rendered":"<p>Pr\u00e9sentation : Une Association dynamique Fiche d&rsquo;identit\u00e9 D\u00e9nomination L&rsquo;Association des MOtards de TOurisme Acronyme LAMOTO Date de cr\u00e9ation 26\/07\/1997 &#8211; n\u00b0 parution JO :19970030 &#8211; n\u00b0 annonce : 1149 &#8211; &nbsp; &nbsp; Affiliation f\u00e9d\u00e9rale F\u00e9d\u00e9ration Fran\u00e7aise de Moto (FFM) Affiliation Ligue Ligue des Pays de la Loire Type associatif Association loi 1901 &nbsp; &nbsp; Une&hellip;&nbsp;<a href=\"http:\/\/lamoto.org\/index.php\/lassociation\/\" rel=\"bookmark\">Lire la suite &raquo;<span class=\"screen-reader-text\">L&rsquo;association<\/span><\/a><\/p>\n","protected":false},"author":1,"featured_media":0,"parent":0,"menu_order":0,"comment_status":"closed","ping_status":"closed","template":"","meta":{"neve_meta_sidebar":"","neve_meta_container":"","neve_meta_enable_content_width":"","neve_meta_content_width":0,"neve_meta_title_alignment":"","neve_meta_author_avatar":"","neve_post_elements_order":"","neve_meta_disable_header":"","neve_meta_disable_footer":"","neve_meta_disable_title":"","two_page_speed":[],"footnotes":""},"class_list":["post-48","page","type-page","status-publish","hentry"],"yoast_head":"<!-- This site is optimized with the Yoast SEO plugin v25.0 - https:\/\/yoast.com\/wordpress\/plugins\/seo\/ -->\n<title>L&#039;association - Association La Moto<\/title>\n<meta name=\"robots\" content=\"index, follow, max-snippet:-1, max-image-preview:large, max-video-preview:-1\" \/>\n<link rel=\"canonical\" href=\"http:\/\/lamoto.org\/index.php\/lassociation\/\" \/>\n<meta property=\"og:locale\" content=\"fr_FR\" \/>\n<meta property=\"og:type\" content=\"article\" \/>\n<meta property=\"og:title\" content=\"L&#039;association - Association La Moto\" \/>\n<meta property=\"og:description\" content=\"Pr\u00e9sentation : Une Association dynamique Fiche d&rsquo;identit\u00e9 D\u00e9nomination L&rsquo;Association des MOtards de TOurisme Acronyme LAMOTO Date de cr\u00e9ation 26\/07\/1997 &#8211; n\u00b0 parution JO :19970030 &#8211; n\u00b0 annonce : 1149 &#8211; &nbsp; &nbsp; Affiliation f\u00e9d\u00e9rale F\u00e9d\u00e9ration Fran\u00e7aise de Moto (FFM) Affiliation Ligue Ligue des Pays de la Loire Type associatif Association loi 1901 &nbsp; &nbsp; Une&hellip;&nbsp;Lire la suite &raquo;L&rsquo;association\" \/>\n<meta property=\"og:url\" content=\"http:\/\/lamoto.org\/index.php\/lassociation\/\" \/>\n<meta property=\"og:site_name\" content=\"Association La Moto\" \/>\n<meta property=\"article:publisher\" content=\"https:\/\/www.facebook.com\/profile.php?id=100080511463613&amp;locale=fr_FR\" \/>\n<meta property=\"article:modified_time\" content=\"2025-04-12T20:09:57+00:00\" \/>\n<meta name=\"twitter:card\" content=\"summary_large_image\" \/>\n<meta name=\"twitter:label1\" content=\"Dur\u00e9e de lecture estim\u00e9e\" \/>\n\t<meta name=\"twitter:data1\" content=\"2 minutes\" \/>\n<script type=\"application\/ld+json\" class=\"yoast-schema-graph\">{\"@context\":\"https:\/\/schema.org\",\"@graph\":[{\"@type\":\"WebPage\",\"@id\":\"http:\/\/lamoto.org\/index.php\/lassociation\/\",\"url\":\"http:\/\/lamoto.org\/index.php\/lassociation\/\",\"name\":\"L'association - Association La Moto\",\"isPartOf\":{\"@id\":\"http:\/\/lamoto.org\/#website\"},\"datePublished\":\"2025-04-12T20:03:14+00:00\",\"dateModified\":\"2025-04-12T20:09:57+00:00\",\"breadcrumb\":{\"@id\":\"http:\/\/lamoto.org\/index.php\/lassociation\/#breadcrumb\"},\"inLanguage\":\"fr-FR\",\"potentialAction\":[{\"@type\":\"ReadAction\",\"target\":[\"http:\/\/lamoto.org\/index.php\/lassociation\/\"]}]},{\"@type\":\"BreadcrumbList\",\"@id\":\"http:\/\/lamoto.org\/index.php\/lassociation\/#breadcrumb\",\"itemListElement\":[{\"@type\":\"ListItem\",\"position\":1,\"name\":\"Accueil\",\"item\":\"https:\/\/lamoto.org\/\"},{\"@type\":\"ListItem\",\"position\":2,\"name\":\"L&rsquo;association\"}]},{\"@type\":\"WebSite\",\"@id\":\"http:\/\/lamoto.org\/#website\",\"url\":\"http:\/\/lamoto.org\/\",\"name\":\"Association La Moto\",\"description\":\"L&#039;association des motards de tourisme\",\"publisher\":{\"@id\":\"http:\/\/lamoto.org\/#organization\"},\"potentialAction\":[{\"@type\":\"SearchAction\",\"target\":{\"@type\":\"EntryPoint\",\"urlTemplate\":\"http:\/\/lamoto.org\/?s={search_term_string}\"},\"query-input\":{\"@type\":\"PropertyValueSpecification\",\"valueRequired\":true,\"valueName\":\"search_term_string\"}}],\"inLanguage\":\"fr-FR\"},{\"@type\":\"Organization\",\"@id\":\"http:\/\/lamoto.org\/#organization\",\"name\":\"Association La Moto\",\"url\":\"http:\/\/lamoto.org\/\",\"logo\":{\"@type\":\"ImageObject\",\"inLanguage\":\"fr-FR\",\"@id\":\"http:\/\/lamoto.org\/#\/schema\/logo\/image\/\",\"url\":\"http:\/\/lamoto.org\/wp-content\/uploads\/2025\/04\/221020-Logo.lamoto.png\",\"contentUrl\":\"http:\/\/lamoto.org\/wp-content\/uploads\/2025\/04\/221020-Logo.lamoto.png\",\"width\":360,\"height\":116,\"caption\":\"Association La Moto\"},\"image\":{\"@id\":\"http:\/\/lamoto.org\/#\/schema\/logo\/image\/\"},\"sameAs\":[\"https:\/\/www.facebook.com\/profile.php?id=100080511463613&locale=fr_FR\"]}]}<\/script>\n<!-- \/ Yoast SEO plugin. -->","yoast_head_json":{"title":"L'association - Association La Moto","robots":{"index":"index","follow":"follow","max-snippet":"max-snippet:-1","max-image-preview":"max-image-preview:large","max-video-preview":"max-video-preview:-1"},"canonical":"http:\/\/lamoto.org\/index.php\/lassociation\/","og_locale":"fr_FR","og_type":"article","og_title":"L'association - Association La Moto","og_description":"Pr\u00e9sentation : Une Association dynamique Fiche d&rsquo;identit\u00e9 D\u00e9nomination L&rsquo;Association des MOtards de TOurisme Acronyme LAMOTO Date de cr\u00e9ation 26\/07\/1997 &#8211; n\u00b0 parution JO :19970030 &#8211; n\u00b0 annonce : 1149 &#8211; &nbsp; &nbsp; Affiliation f\u00e9d\u00e9rale F\u00e9d\u00e9ration Fran\u00e7aise de Moto (FFM) Affiliation Ligue Ligue des Pays de la Loire Type associatif Association loi 1901 &nbsp; &nbsp; Une&hellip;&nbsp;Lire la suite &raquo;L&rsquo;association","og_url":"http:\/\/lamoto.org\/index.php\/lassociation\/","og_site_name":"Association La Moto","article_publisher":"https:\/\/www.facebook.com\/profile.php?id=100080511463613&locale=fr_FR","article_modified_time":"2025-04-12T20:09:57+00:00","twitter_card":"summary_large_image","twitter_misc":{"Dur\u00e9e de lecture estim\u00e9e":"2 minutes"},"schema":{"@context":"https:\/\/schema.org","@graph":[{"@type":"WebPage","@id":"http:\/\/lamoto.org\/index.php\/lassociation\/","url":"http:\/\/lamoto.org\/index.php\/lassociation\/","name":"L'association - Association La Moto","isPartOf":{"@id":"http:\/\/lamoto.org\/#website"},"datePublished":"2025-04-12T20:03:14+00:00","dateModified":"2025-04-12T20:09:57+00:00","breadcrumb":{"@id":"http:\/\/lamoto.org\/index.php\/lassociation\/#breadcrumb"},"inLanguage":"fr-FR","potentialAction":[{"@type":"ReadAction","target":["http:\/\/lamoto.org\/index.php\/lassociation\/"]}]},{"@type":"BreadcrumbList","@id":"http:\/\/lamoto.org\/index.php\/lassociation\/#breadcrumb","itemListElement":[{"@type":"ListItem","position":1,"name":"Accueil","item":"https:\/\/lamoto.org\/"},{"@type":"ListItem","position":2,"name":"L&rsquo;association"}]},{"@type":"WebSite","@id":"http:\/\/lamoto.org\/#website","url":"http:\/\/lamoto.org\/","name":"Association La Moto","description":"L&#039;association des motards de tourisme","publisher":{"@id":"http:\/\/lamoto.org\/#organization"},"potentialAction":[{"@type":"SearchAction","target":{"@type":"EntryPoint","urlTemplate":"http:\/\/lamoto.org\/?s={search_term_string}"},"query-input":{"@type":"PropertyValueSpecification","valueRequired":true,"valueName":"search_term_string"}}],"inLanguage":"fr-FR"},{"@type":"Organization","@id":"http:\/\/lamoto.org\/#organization","name":"Association La Moto","url":"http:\/\/lamoto.org\/","logo":{"@type":"ImageObject","inLanguage":"fr-FR","@id":"http:\/\/lamoto.org\/#\/schema\/logo\/image\/","url":"http:\/\/lamoto.org\/wp-content\/uploads\/2025\/04\/221020-Logo.lamoto.png","contentUrl":"http:\/\/lamoto.org\/wp-content\/uploads\/2025\/04\/221020-Logo.lamoto.png","width":360,"height":116,"caption":"Association La Moto"},"image":{"@id":"http:\/\/lamoto.org\/#\/schema\/logo\/image\/"},"sameAs":["https:\/\/www.facebook.com\/profile.php?id=100080511463613&locale=fr_FR"]}]}},"_links":{"self":[{"href":"http:\/\/lamoto.org\/index.php\/wp-json\/wp\/v2\/pages\/48","targetHints":{"allow":["GET"]}}],"collection":[{"href":"http:\/\/lamoto.org\/index.php\/wp-json\/wp\/v2\/pages"}],"about":[{"href":"http:\/\/lamoto.org\/index.php\/wp-json\/wp\/v2\/types\/page"}],"author":[{"embeddable":true,"href":"http:\/\/lamoto.org\/index.php\/wp-json\/wp\/v2\/users\/1"}],"replies":[{"embeddable":true,"href":"http:\/\/lamoto.org\/index.php\/wp-json\/wp\/v2\/comments?post=48"}],"version-history":[{"count":2,"href":"http:\/\/lamoto.org\/index.php\/wp-json\/wp\/v2\/pages\/48\/revisions"}],"predecessor-version":[{"id":51,"href":"http:\/\/lamoto.org\/index.php\/wp-json\/wp\/v2\/pages\/48\/revisions\/51"}],"wp:attachment":[{"href":"http:\/\/lamoto.org\/index.php\/wp-json\/wp\/v2\/media?parent=48"}],"curies":[{"name":"wp","href":"https:\/\/api.w.org\/{rel}","templated":true}]}}