{"id":62,"date":"2025-04-12T23:20:01","date_gmt":"2025-04-12T21:20:01","guid":{"rendered":"https:\/\/lamoto.org\/?page_id=62"},"modified":"2025-04-12T23:20:01","modified_gmt":"2025-04-12T21:20:01","slug":"historique","status":"publish","type":"page","link":"http:\/\/lamoto.org\/index.php\/historique\/","title":{"rendered":"Historique"},"content":{"rendered":"\n<h1 class=\"wp-block-heading\">Historique de l&rsquo;Association de MOtards de TOurisme &#8211; LAMOTO<\/h1>\n\n\n\n<h3 class=\"wp-block-heading\"><br>1996 &#8211; L\u2019accouchement assist\u00e9<\/h3>\n\n\n\n<p><br>L\u2019aventure de LA.MO.TO. commence vers fin 1996 quand la commission de Tourisme de la F\u00e9d\u00e9ration Fran\u00e7aise de Moto (FFM), d\u00e9l\u00e9gataire du Minist\u00e8re en charge des Sports afin de promouvoir l&rsquo;activit\u00e9 motocycliste dans toute la France, d\u00e9cide de lancer la carte avantage moto. Celle-ci doit permettre \u00e0 des motocyclistes de clubs ainsi qu\u2019a des personnes ind\u00e9pendantes ou isol\u00e9es de rejoindre le mouvement de tourisme f\u00e9d\u00e9ral. Cette carte devant \u00e9galement apporter des prestations \u00e0 ses d\u00e9tenteurs.<br>Tr\u00e8s vite, il devient \u00e9vident qu\u2019une structure doit se mettre en place dans le cadre de la FFM pour s\u2019occuper de mani\u00e8re sp\u00e9cialis\u00e9e des motocyclistes de route. La FFM en effet, dans sa configuration orient\u00e9e vers les \u00e9preuves moto sur terrains homologu\u00e9s, ne pouvait pas d&#8217;embl\u00e9e int\u00e9grer ces nouveaux arrivants.<br>L\u2019Association des Motards de Tourisme voit donc le jour et une premi\u00e8re assembl\u00e9e constitutive, organis\u00e9e dans les locaux de la FFM, pose les bases du mouvement de tourisme f\u00e9d\u00e9ral.<\/p>\n\n\n\n<h3 class=\"wp-block-heading\"><br>Les premi\u00e8res maladies infantiles (premiers pas)<\/h3>\n\n\n\n<p><br>Sous la direction de Christian SARDIN, l\u2019association va se mettre en place et se structurer, non sans quelques petits accrocs et remises en cause. Il est vrai que lancer une organisation d\u2019envergure nationale en p\u00e9riode de \u00ab paix \u00bb, (en faisant par exemple r\u00e9f\u00e9rence \u00e0 la FFMC, cr\u00e9\u00e9e pour d\u00e9fendre les motards contre l\u2019imposition d\u2019une vignette moto) c\u2019est \u00e0 dire sans sujet vraiment tr\u00e8s \u00ab porteur \u00bb (rien de trop particulier \u00e0 d\u00e9fendre !) n\u2019est pas une chose des plus faciles.<br>Certaines divergences de vue se font sentir et les premi\u00e8res ann\u00e9es et vont \u00eatre l\u2019occasion de quelques d\u00e9bats anim\u00e9s (pour ne pas dire houleux !) desquels se d\u00e9gageront les axes principaux de d\u00e9veloppement de LAMOTO.<\/p>\n\n\n\n<h3 class=\"wp-block-heading\"><br>2001 &#8211; L\u2019adolescence (\u00e9chauffement)<\/h3>\n\n\n\n<p><br>Une activit\u00e9 intense va se d\u00e9ployer (pr\u00e9sence accrue dans de nombreux domaines ) toujours avec de la bonne volont\u00e9 mais sous une structuration perfectible. Comme beaucoup de mouvements dans leur p\u00e9riode de croissance, des courants divergents s\u2019opposent. La base n\u2019est pas encore assez solide pour laisser le mouvement s\u2019exprimer dans plusieurs directions diff\u00e9rentes. Dans le courant de l\u2019ann\u00e9e 2001, une nouvelle strat\u00e9gie et une \u00e9quipe remani\u00e9e se met en place, sous l\u2019impulsion d\u2019un nouveau pr\u00e9sident Alain BONHOMME.<\/p>\n\n\n\n<h3 class=\"wp-block-heading\"><br>L\u2019age de raison ?<\/h3>\n\n\n\n<p><br>Gr\u00e2ce au travail et \u00e0 l\u2019exp\u00e9rience accumul\u00e9e lors des premi\u00e8res ann\u00e9es de fonctionnement, la nouvelle \u00e9quipe va s\u2019atteler \u00e0 construire une strat\u00e9gie d\u2019actions plus concr\u00e8tes et plus structur\u00e9es.<br>Parmi les d\u00e9cisions strat\u00e9giques de cette fin d\u2019ann\u00e9e 2001, la d\u00e9cision de se lancer dans une r\u00e9elle politique de maillage territorial marque le d\u00e9but de l\u2019aventure des Relais D\u00e9partementaux.<\/p>\n","protected":false},"excerpt":{"rendered":"<p>Historique de l&rsquo;Association de MOtards de TOurisme &#8211; LAMOTO 1996 &#8211; L\u2019accouchement assist\u00e9 L\u2019aventure de LA.MO.TO. commence vers fin 1996 quand la commission de Tourisme de la F\u00e9d\u00e9ration Fran\u00e7aise de Moto (FFM), d\u00e9l\u00e9gataire du Minist\u00e8re en charge des Sports afin de promouvoir l&rsquo;activit\u00e9 motocycliste dans toute la France, d\u00e9cide de lancer la carte avantage moto.&hellip;&nbsp;<a href=\"http:\/\/lamoto.org\/index.php\/historique\/\" rel=\"bookmark\">Lire la suite &raquo;<span class=\"screen-reader-text\">Historique<\/span><\/a><\/p>\n","protected":false},"author":1,"featured_media":0,"parent":0,"menu_order":0,"comment_status":"closed","ping_status":"closed","template":"","meta":{"neve_meta_sidebar":"","neve_meta_container":"","neve_meta_enable_content_width":"","neve_meta_content_width":0,"neve_meta_title_alignment":"","neve_meta_author_avatar":"","neve_post_elements_order":"","neve_meta_disable_header":"","neve_meta_disable_footer":"","neve_meta_disable_title":"","two_page_speed":[],"footnotes":""},"class_list":["post-62","page","type-page","status-publish","hentry"],"yoast_head":"<!-- This site is optimized with the Yoast SEO plugin v25.0 - https:\/\/yoast.com\/wordpress\/plugins\/seo\/ -->\n<title>Historique - Association La Moto<\/title>\n<meta name=\"robots\" content=\"index, follow, max-snippet:-1, max-image-preview:large, max-video-preview:-1\" \/>\n<link rel=\"canonical\" href=\"http:\/\/lamoto.org\/index.php\/historique\/\" \/>\n<meta property=\"og:locale\" content=\"fr_FR\" \/>\n<meta property=\"og:type\" content=\"article\" \/>\n<meta property=\"og:title\" content=\"Historique - Association La Moto\" \/>\n<meta property=\"og:description\" content=\"Historique de l&rsquo;Association de MOtards de TOurisme &#8211; LAMOTO 1996 &#8211; L\u2019accouchement assist\u00e9 L\u2019aventure de LA.MO.TO. commence vers fin 1996 quand la commission de Tourisme de la F\u00e9d\u00e9ration Fran\u00e7aise de Moto (FFM), d\u00e9l\u00e9gataire du Minist\u00e8re en charge des Sports afin de promouvoir l&rsquo;activit\u00e9 motocycliste dans toute la France, d\u00e9cide de lancer la carte avantage moto.&hellip;&nbsp;Lire la suite &raquo;Historique\" \/>\n<meta property=\"og:url\" content=\"http:\/\/lamoto.org\/index.php\/historique\/\" \/>\n<meta property=\"og:site_name\" content=\"Association La Moto\" \/>\n<meta property=\"article:publisher\" content=\"https:\/\/www.facebook.com\/profile.php?id=100080511463613&amp;locale=fr_FR\" \/>\n<meta name=\"twitter:card\" content=\"summary_large_image\" \/>\n<meta name=\"twitter:label1\" content=\"Dur\u00e9e de lecture estim\u00e9e\" \/>\n\t<meta name=\"twitter:data1\" content=\"3 minutes\" \/>\n<script type=\"application\/ld+json\" class=\"yoast-schema-graph\">{\"@context\":\"https:\/\/schema.org\",\"@graph\":[{\"@type\":\"WebPage\",\"@id\":\"http:\/\/lamoto.org\/index.php\/historique\/\",\"url\":\"http:\/\/lamoto.org\/index.php\/historique\/\",\"name\":\"Historique - Association La Moto\",\"isPartOf\":{\"@id\":\"http:\/\/lamoto.org\/#website\"},\"datePublished\":\"2025-04-12T21:20:01+00:00\",\"breadcrumb\":{\"@id\":\"http:\/\/lamoto.org\/index.php\/historique\/#breadcrumb\"},\"inLanguage\":\"fr-FR\",\"potentialAction\":[{\"@type\":\"ReadAction\",\"target\":[\"http:\/\/lamoto.org\/index.php\/historique\/\"]}]},{\"@type\":\"BreadcrumbList\",\"@id\":\"http:\/\/lamoto.org\/index.php\/historique\/#breadcrumb\",\"itemListElement\":[{\"@type\":\"ListItem\",\"position\":1,\"name\":\"Accueil\",\"item\":\"https:\/\/lamoto.org\/\"},{\"@type\":\"ListItem\",\"position\":2,\"name\":\"Historique\"}]},{\"@type\":\"WebSite\",\"@id\":\"http:\/\/lamoto.org\/#website\",\"url\":\"http:\/\/lamoto.org\/\",\"name\":\"Association La Moto\",\"description\":\"L&#039;association des motards de tourisme\",\"publisher\":{\"@id\":\"http:\/\/lamoto.org\/#organization\"},\"potentialAction\":[{\"@type\":\"SearchAction\",\"target\":{\"@type\":\"EntryPoint\",\"urlTemplate\":\"http:\/\/lamoto.org\/?s={search_term_string}\"},\"query-input\":{\"@type\":\"PropertyValueSpecification\",\"valueRequired\":true,\"valueName\":\"search_term_string\"}}],\"inLanguage\":\"fr-FR\"},{\"@type\":\"Organization\",\"@id\":\"http:\/\/lamoto.org\/#organization\",\"name\":\"Association La Moto\",\"url\":\"http:\/\/lamoto.org\/\",\"logo\":{\"@type\":\"ImageObject\",\"inLanguage\":\"fr-FR\",\"@id\":\"http:\/\/lamoto.org\/#\/schema\/logo\/image\/\",\"url\":\"http:\/\/lamoto.org\/wp-content\/uploads\/2025\/04\/221020-Logo.lamoto.png\",\"contentUrl\":\"http:\/\/lamoto.org\/wp-content\/uploads\/2025\/04\/221020-Logo.lamoto.png\",\"width\":360,\"height\":116,\"caption\":\"Association La Moto\"},\"image\":{\"@id\":\"http:\/\/lamoto.org\/#\/schema\/logo\/image\/\"},\"sameAs\":[\"https:\/\/www.facebook.com\/profile.php?id=100080511463613&locale=fr_FR\"]}]}<\/script>\n<!-- \/ Yoast SEO plugin. -->","yoast_head_json":{"title":"Historique - Association La Moto","robots":{"index":"index","follow":"follow","max-snippet":"max-snippet:-1","max-image-preview":"max-image-preview:large","max-video-preview":"max-video-preview:-1"},"canonical":"http:\/\/lamoto.org\/index.php\/historique\/","og_locale":"fr_FR","og_type":"article","og_title":"Historique - Association La Moto","og_description":"Historique de l&rsquo;Association de MOtards de TOurisme &#8211; LAMOTO 1996 &#8211; L\u2019accouchement assist\u00e9 L\u2019aventure de LA.MO.TO. commence vers fin 1996 quand la commission de Tourisme de la F\u00e9d\u00e9ration Fran\u00e7aise de Moto (FFM), d\u00e9l\u00e9gataire du Minist\u00e8re en charge des Sports afin de promouvoir l&rsquo;activit\u00e9 motocycliste dans toute la France, d\u00e9cide de lancer la carte avantage moto.&hellip;&nbsp;Lire la suite &raquo;Historique","og_url":"http:\/\/lamoto.org\/index.php\/historique\/","og_site_name":"Association La Moto","article_publisher":"https:\/\/www.facebook.com\/profile.php?id=100080511463613&locale=fr_FR","twitter_card":"summary_large_image","twitter_misc":{"Dur\u00e9e de lecture estim\u00e9e":"3 minutes"},"schema":{"@context":"https:\/\/schema.org","@graph":[{"@type":"WebPage","@id":"http:\/\/lamoto.org\/index.php\/historique\/","url":"http:\/\/lamoto.org\/index.php\/historique\/","name":"Historique - Association La Moto","isPartOf":{"@id":"http:\/\/lamoto.org\/#website"},"datePublished":"2025-04-12T21:20:01+00:00","breadcrumb":{"@id":"http:\/\/lamoto.org\/index.php\/historique\/#breadcrumb"},"inLanguage":"fr-FR","potentialAction":[{"@type":"ReadAction","target":["http:\/\/lamoto.org\/index.php\/historique\/"]}]},{"@type":"BreadcrumbList","@id":"http:\/\/lamoto.org\/index.php\/historique\/#breadcrumb","itemListElement":[{"@type":"ListItem","position":1,"name":"Accueil","item":"https:\/\/lamoto.org\/"},{"@type":"ListItem","position":2,"name":"Historique"}]},{"@type":"WebSite","@id":"http:\/\/lamoto.org\/#website","url":"http:\/\/lamoto.org\/","name":"Association La Moto","description":"L&#039;association des motards de tourisme","publisher":{"@id":"http:\/\/lamoto.org\/#organization"},"potentialAction":[{"@type":"SearchAction","target":{"@type":"EntryPoint","urlTemplate":"http:\/\/lamoto.org\/?s={search_term_string}"},"query-input":{"@type":"PropertyValueSpecification","valueRequired":true,"valueName":"search_term_string"}}],"inLanguage":"fr-FR"},{"@type":"Organization","@id":"http:\/\/lamoto.org\/#organization","name":"Association La Moto","url":"http:\/\/lamoto.org\/","logo":{"@type":"ImageObject","inLanguage":"fr-FR","@id":"http:\/\/lamoto.org\/#\/schema\/logo\/image\/","url":"http:\/\/lamoto.org\/wp-content\/uploads\/2025\/04\/221020-Logo.lamoto.png","contentUrl":"http:\/\/lamoto.org\/wp-content\/uploads\/2025\/04\/221020-Logo.lamoto.png","width":360,"height":116,"caption":"Association La Moto"},"image":{"@id":"http:\/\/lamoto.org\/#\/schema\/logo\/image\/"},"sameAs":["https:\/\/www.facebook.com\/profile.php?id=100080511463613&locale=fr_FR"]}]}},"_links":{"self":[{"href":"http:\/\/lamoto.org\/index.php\/wp-json\/wp\/v2\/pages\/62","targetHints":{"allow":["GET"]}}],"collection":[{"href":"http:\/\/lamoto.org\/index.php\/wp-json\/wp\/v2\/pages"}],"about":[{"href":"http:\/\/lamoto.org\/index.php\/wp-json\/wp\/v2\/types\/page"}],"author":[{"embeddable":true,"href":"http:\/\/lamoto.org\/index.php\/wp-json\/wp\/v2\/users\/1"}],"replies":[{"embeddable":true,"href":"http:\/\/lamoto.org\/index.php\/wp-json\/wp\/v2\/comments?post=62"}],"version-history":[{"count":1,"href":"http:\/\/lamoto.org\/index.php\/wp-json\/wp\/v2\/pages\/62\/revisions"}],"predecessor-version":[{"id":63,"href":"http:\/\/lamoto.org\/index.php\/wp-json\/wp\/v2\/pages\/62\/revisions\/63"}],"wp:attachment":[{"href":"http:\/\/lamoto.org\/index.php\/wp-json\/wp\/v2\/media?parent=62"}],"curies":[{"name":"wp","href":"https:\/\/api.w.org\/{rel}","templated":true}]}}