{"id":130,"date":"2025-05-08T18:42:06","date_gmt":"2025-05-08T16:42:06","guid":{"rendered":"https:\/\/lamoto.org\/?page_id=130"},"modified":"2025-05-08T18:42:07","modified_gmt":"2025-05-08T16:42:07","slug":"les-news-la-mo-to","status":"publish","type":"page","link":"https:\/\/lamoto.org\/index.php\/les-news-la-mo-to\/","title":{"rendered":"les News La.Mo.to"},"content":{"rendered":"\n<div class=\"wp-block-query is-layout-flow wp-block-query-is-layout-flow\"><ul class=\"wp-block-post-template is-layout-flow wp-block-post-template-is-layout-flow\"><li class=\"wp-block-post post-122 post type-post status-publish format-standard has-post-thumbnail hentry category-non-classe\">\n\n<div class=\"wp-block-columns are-vertically-aligned-center is-layout-flex wp-container-core-columns-is-layout-9d6595d7 wp-block-columns-is-layout-flex\">\n<div class=\"wp-block-column is-vertically-aligned-center is-layout-flow wp-block-column-is-layout-flow\" style=\"flex-basis:25%\"><figure class=\"wp-block-post-featured-image\"><a href=\"https:\/\/lamoto.org\/index.php\/2025\/05\/08\/lucon-securite-routiere-jeunes-crs-assurance-prevention-2025\/\" target=\"_blank\"  ><img decoding=\"async\" width=\"1905\" height=\"1002\" data-src=\"https:\/\/lamoto.org\/wp-content\/uploads\/2025\/05\/alain-bonhomme-1.png\" class=\"attachment-post-thumbnail size-post-thumbnail wp-post-image lazyload\" alt=\"Lu\u00e7on : une semaine d\u2019\u00e9ducation routi\u00e8re r\u00e9ussie pour les jeunes\" style=\"--smush-placeholder-width: 1905px; --smush-placeholder-aspect-ratio: 1905\/1002;object-fit:cover;\" data-srcset=\"https:\/\/lamoto.org\/wp-content\/uploads\/2025\/05\/alain-bonhomme-1.png 1905w, https:\/\/lamoto.org\/wp-content\/uploads\/2025\/05\/alain-bonhomme-1-300x158.png 300w, https:\/\/lamoto.org\/wp-content\/uploads\/2025\/05\/alain-bonhomme-1-1024x539.png 1024w, https:\/\/lamoto.org\/wp-content\/uploads\/2025\/05\/alain-bonhomme-1-768x404.png 768w, https:\/\/lamoto.org\/wp-content\/uploads\/2025\/05\/alain-bonhomme-1-1536x808.png 1536w, https:\/\/lamoto.org\/wp-content\/uploads\/2025\/05\/alain-bonhomme-1-600x316.png 600w\" data-sizes=\"(max-width: 1905px) 100vw, 1905px\" src=\"data:image\/gif;base64,R0lGODlhAQABAAAAACH5BAEKAAEALAAAAAABAAEAAAICTAEAOw==\" \/><\/a><\/figure><\/div>\n\n\n\n<div class=\"wp-block-column is-vertically-aligned-center is-layout-flow wp-block-column-is-layout-flow\" style=\"flex-basis:75%\"><h2 class=\"wp-block-post-title\"><a href=\"https:\/\/lamoto.org\/index.php\/2025\/05\/08\/lucon-securite-routiere-jeunes-crs-assurance-prevention-2025\/\" target=\"_self\" >Lu\u00e7on : une semaine d\u2019\u00e9ducation routi\u00e8re r\u00e9ussie pour les jeunes<\/a><\/h2><\/div>\n<\/div>\n\n<\/li><\/ul><\/div>\n\n\n\n<p><\/p>\n","protected":false},"excerpt":{"rendered":"","protected":false},"author":2,"featured_media":0,"parent":0,"menu_order":0,"comment_status":"closed","ping_status":"closed","template":"","meta":{"neve_meta_sidebar":"","neve_meta_container":"","neve_meta_enable_content_width":"","neve_meta_content_width":0,"neve_meta_title_alignment":"","neve_meta_author_avatar":"","neve_post_elements_order":"","neve_meta_disable_header":"","neve_meta_disable_footer":"","neve_meta_disable_title":"","two_page_speed":[],"footnotes":""},"class_list":["post-130","page","type-page","status-publish","hentry"],"yoast_head":"<!-- This site is optimized with the Yoast SEO plugin v25.0 - https:\/\/yoast.com\/wordpress\/plugins\/seo\/ -->\n<title>les News La.Mo.to - Association La Moto<\/title>\n<meta name=\"robots\" content=\"index, follow, max-snippet:-1, max-image-preview:large, max-video-preview:-1\" \/>\n<link rel=\"canonical\" href=\"https:\/\/lamoto.org\/index.php\/les-news-la-mo-to\/\" \/>\n<meta property=\"og:locale\" content=\"fr_FR\" \/>\n<meta property=\"og:type\" content=\"article\" \/>\n<meta property=\"og:title\" content=\"les News La.Mo.to - Association La Moto\" \/>\n<meta property=\"og:url\" content=\"https:\/\/lamoto.org\/index.php\/les-news-la-mo-to\/\" \/>\n<meta property=\"og:site_name\" content=\"Association La Moto\" \/>\n<meta property=\"article:publisher\" content=\"https:\/\/www.facebook.com\/profile.php?id=100080511463613&amp;locale=fr_FR\" \/>\n<meta property=\"article:modified_time\" content=\"2025-05-08T16:42:07+00:00\" \/>\n<meta name=\"twitter:card\" content=\"summary_large_image\" \/>\n<script type=\"application\/ld+json\" class=\"yoast-schema-graph\">{\"@context\":\"https:\/\/schema.org\",\"@graph\":[{\"@type\":\"WebPage\",\"@id\":\"https:\/\/lamoto.org\/index.php\/les-news-la-mo-to\/\",\"url\":\"https:\/\/lamoto.org\/index.php\/les-news-la-mo-to\/\",\"name\":\"les News La.Mo.to - Association La Moto\",\"isPartOf\":{\"@id\":\"https:\/\/lamoto.org\/#website\"},\"datePublished\":\"2025-05-08T16:42:06+00:00\",\"dateModified\":\"2025-05-08T16:42:07+00:00\",\"breadcrumb\":{\"@id\":\"https:\/\/lamoto.org\/index.php\/les-news-la-mo-to\/#breadcrumb\"},\"inLanguage\":\"fr-FR\",\"potentialAction\":[{\"@type\":\"ReadAction\",\"target\":[\"https:\/\/lamoto.org\/index.php\/les-news-la-mo-to\/\"]}]},{\"@type\":\"BreadcrumbList\",\"@id\":\"https:\/\/lamoto.org\/index.php\/les-news-la-mo-to\/#breadcrumb\",\"itemListElement\":[{\"@type\":\"ListItem\",\"position\":1,\"name\":\"Accueil\",\"item\":\"https:\/\/lamoto.org\/\"},{\"@type\":\"ListItem\",\"position\":2,\"name\":\"les News La.Mo.to\"}]},{\"@type\":\"WebSite\",\"@id\":\"https:\/\/lamoto.org\/#website\",\"url\":\"https:\/\/lamoto.org\/\",\"name\":\"Association La Moto\",\"description\":\"L&#039;association des motards de tourisme\",\"publisher\":{\"@id\":\"https:\/\/lamoto.org\/#organization\"},\"potentialAction\":[{\"@type\":\"SearchAction\",\"target\":{\"@type\":\"EntryPoint\",\"urlTemplate\":\"https:\/\/lamoto.org\/?s={search_term_string}\"},\"query-input\":{\"@type\":\"PropertyValueSpecification\",\"valueRequired\":true,\"valueName\":\"search_term_string\"}}],\"inLanguage\":\"fr-FR\"},{\"@type\":\"Organization\",\"@id\":\"https:\/\/lamoto.org\/#organization\",\"name\":\"Association La Moto\",\"url\":\"https:\/\/lamoto.org\/\",\"logo\":{\"@type\":\"ImageObject\",\"inLanguage\":\"fr-FR\",\"@id\":\"https:\/\/lamoto.org\/#\/schema\/logo\/image\/\",\"url\":\"http:\/\/lamoto.org\/wp-content\/uploads\/2025\/04\/221020-Logo.lamoto.png\",\"contentUrl\":\"http:\/\/lamoto.org\/wp-content\/uploads\/2025\/04\/221020-Logo.lamoto.png\",\"width\":360,\"height\":116,\"caption\":\"Association La Moto\"},\"image\":{\"@id\":\"https:\/\/lamoto.org\/#\/schema\/logo\/image\/\"},\"sameAs\":[\"https:\/\/www.facebook.com\/profile.php?id=100080511463613&locale=fr_FR\"]}]}<\/script>\n<!-- \/ Yoast SEO plugin. -->","yoast_head_json":{"title":"les News La.Mo.to - Association La Moto","robots":{"index":"index","follow":"follow","max-snippet":"max-snippet:-1","max-image-preview":"max-image-preview:large","max-video-preview":"max-video-preview:-1"},"canonical":"https:\/\/lamoto.org\/index.php\/les-news-la-mo-to\/","og_locale":"fr_FR","og_type":"article","og_title":"les News La.Mo.to - Association La Moto","og_url":"https:\/\/lamoto.org\/index.php\/les-news-la-mo-to\/","og_site_name":"Association La Moto","article_publisher":"https:\/\/www.facebook.com\/profile.php?id=100080511463613&locale=fr_FR","article_modified_time":"2025-05-08T16:42:07+00:00","twitter_card":"summary_large_image","schema":{"@context":"https:\/\/schema.org","@graph":[{"@type":"WebPage","@id":"https:\/\/lamoto.org\/index.php\/les-news-la-mo-to\/","url":"https:\/\/lamoto.org\/index.php\/les-news-la-mo-to\/","name":"les News La.Mo.to - Association La Moto","isPartOf":{"@id":"https:\/\/lamoto.org\/#website"},"datePublished":"2025-05-08T16:42:06+00:00","dateModified":"2025-05-08T16:42:07+00:00","breadcrumb":{"@id":"https:\/\/lamoto.org\/index.php\/les-news-la-mo-to\/#breadcrumb"},"inLanguage":"fr-FR","potentialAction":[{"@type":"ReadAction","target":["https:\/\/lamoto.org\/index.php\/les-news-la-mo-to\/"]}]},{"@type":"BreadcrumbList","@id":"https:\/\/lamoto.org\/index.php\/les-news-la-mo-to\/#breadcrumb","itemListElement":[{"@type":"ListItem","position":1,"name":"Accueil","item":"https:\/\/lamoto.org\/"},{"@type":"ListItem","position":2,"name":"les News La.Mo.to"}]},{"@type":"WebSite","@id":"https:\/\/lamoto.org\/#website","url":"https:\/\/lamoto.org\/","name":"Association La Moto","description":"L&#039;association des motards de tourisme","publisher":{"@id":"https:\/\/lamoto.org\/#organization"},"potentialAction":[{"@type":"SearchAction","target":{"@type":"EntryPoint","urlTemplate":"https:\/\/lamoto.org\/?s={search_term_string}"},"query-input":{"@type":"PropertyValueSpecification","valueRequired":true,"valueName":"search_term_string"}}],"inLanguage":"fr-FR"},{"@type":"Organization","@id":"https:\/\/lamoto.org\/#organization","name":"Association La Moto","url":"https:\/\/lamoto.org\/","logo":{"@type":"ImageObject","inLanguage":"fr-FR","@id":"https:\/\/lamoto.org\/#\/schema\/logo\/image\/","url":"http:\/\/lamoto.org\/wp-content\/uploads\/2025\/04\/221020-Logo.lamoto.png","contentUrl":"http:\/\/lamoto.org\/wp-content\/uploads\/2025\/04\/221020-Logo.lamoto.png","width":360,"height":116,"caption":"Association La Moto"},"image":{"@id":"https:\/\/lamoto.org\/#\/schema\/logo\/image\/"},"sameAs":["https:\/\/www.facebook.com\/profile.php?id=100080511463613&locale=fr_FR"]}]}},"_links":{"self":[{"href":"https:\/\/lamoto.org\/index.php\/wp-json\/wp\/v2\/pages\/130","targetHints":{"allow":["GET"]}}],"collection":[{"href":"https:\/\/lamoto.org\/index.php\/wp-json\/wp\/v2\/pages"}],"about":[{"href":"https:\/\/lamoto.org\/index.php\/wp-json\/wp\/v2\/types\/page"}],"author":[{"embeddable":true,"href":"https:\/\/lamoto.org\/index.php\/wp-json\/wp\/v2\/users\/2"}],"replies":[{"embeddable":true,"href":"https:\/\/lamoto.org\/index.php\/wp-json\/wp\/v2\/comments?post=130"}],"version-history":[{"count":1,"href":"https:\/\/lamoto.org\/index.php\/wp-json\/wp\/v2\/pages\/130\/revisions"}],"predecessor-version":[{"id":131,"href":"https:\/\/lamoto.org\/index.php\/wp-json\/wp\/v2\/pages\/130\/revisions\/131"}],"wp:attachment":[{"href":"https:\/\/lamoto.org\/index.php\/wp-json\/wp\/v2\/media?parent=130"}],"curies":[{"name":"wp","href":"https:\/\/api.w.org\/{rel}","templated":true}]}}