{"id":134,"date":"2025-05-08T18:54:55","date_gmt":"2025-05-08T16:54:55","guid":{"rendered":"https:\/\/lamoto.org\/?page_id=134"},"modified":"2025-05-08T18:56:09","modified_gmt":"2025-05-08T16:56:09","slug":"informations-administratives-reglementaires-et-historiques","status":"publish","type":"page","link":"https:\/\/lamoto.org\/index.php\/informations-administratives-reglementaires-et-historiques\/","title":{"rendered":"Informations administratives r\u00e9glementaires et historiques"},"content":{"rendered":"\n<div class=\"wp-block-columns is-layout-flex wp-container-core-columns-is-layout-9d6595d7 wp-block-columns-is-layout-flex\">\n<div class=\"wp-block-column is-layout-flow wp-block-column-is-layout-flow\" style=\"flex-basis:100%\">\n<div data-wp-interactive=\"core\/file\" class=\"wp-block-file\"><object data-wp-bind--hidden=\"!state.hasPdfPreview\" hidden class=\"wp-block-file__embed\" data=\"https:\/\/lamoto.org\/wp-content\/uploads\/2025\/05\/200802-RI-LAMOTO.pdf\" type=\"application\/pdf\" style=\"width:100%;height:300px\" aria-label=\"Contenu embarqu\u00e9 200802-RI-LAMOTO.\"><\/object><a id=\"wp-block-file--media-e987588e-b1b3-4993-a779-22c5a681726f\" href=\"https:\/\/lamoto.org\/wp-content\/uploads\/2025\/05\/200802-RI-LAMOTO.pdf\" target=\"_blank\" rel=\"noreferrer noopener\">200802-RI-LAMOTO<\/a><a href=\"https:\/\/lamoto.org\/wp-content\/uploads\/2025\/05\/200802-RI-LAMOTO.pdf\" class=\"wp-block-file__button wp-element-button\" download aria-describedby=\"wp-block-file--media-e987588e-b1b3-4993-a779-22c5a681726f\">T\u00e9l\u00e9charger<\/a><\/div>\n<\/div>\n<\/div>\n\n\n\n<div data-wp-interactive=\"core\/file\" class=\"wp-block-file\"><object data-wp-bind--hidden=\"!state.hasPdfPreview\" hidden class=\"wp-block-file__embed\" data=\"https:\/\/lamoto.org\/wp-content\/uploads\/2025\/05\/200802-statuts-lamoto.pdf\" type=\"application\/pdf\" style=\"width:100%;height:300px\" aria-label=\"Contenu embarqu\u00e9 200802-statuts-lamoto.\"><\/object><a id=\"wp-block-file--media-82cc6c46-599f-48cb-bba4-0e328cdbf98b\" href=\"https:\/\/lamoto.org\/wp-content\/uploads\/2025\/05\/200802-statuts-lamoto.pdf\">200802-statuts-lamoto<\/a><a href=\"https:\/\/lamoto.org\/wp-content\/uploads\/2025\/05\/200802-statuts-lamoto.pdf\" class=\"wp-block-file__button wp-element-button\" download aria-describedby=\"wp-block-file--media-82cc6c46-599f-48cb-bba4-0e328cdbf98b\">T\u00e9l\u00e9charger<\/a><\/div>\n\n\n\n<div data-wp-interactive=\"core\/file\" class=\"wp-block-file\"><object data-wp-bind--hidden=\"!state.hasPdfPreview\" hidden class=\"wp-block-file__embed\" data=\"https:\/\/lamoto.org\/wp-content\/uploads\/2025\/05\/200802-releve-de-decision-AGE.LAMOTO.pdf\" type=\"application\/pdf\" style=\"width:100%;height:300px\" aria-label=\"Contenu embarqu\u00e9 200802-relev\u00e9 de d\u00e9cision-AGE.LAMOTO.\"><\/object><a id=\"wp-block-file--media-2d4b65db-b439-4952-b48d-a19320f60c28\" href=\"https:\/\/lamoto.org\/wp-content\/uploads\/2025\/05\/200802-releve-de-decision-AGE.LAMOTO.pdf\">200802-relev\u00e9 de d\u00e9cision-AGE.LAMOTO<\/a><a href=\"https:\/\/lamoto.org\/wp-content\/uploads\/2025\/05\/200802-releve-de-decision-AGE.LAMOTO.pdf\" class=\"wp-block-file__button wp-element-button\" download aria-describedby=\"wp-block-file--media-2d4b65db-b439-4952-b48d-a19320f60c28\">T\u00e9l\u00e9charger<\/a><\/div>\n\n\n\n<div data-wp-interactive=\"core\/file\" class=\"wp-block-file\"><object data-wp-bind--hidden=\"!state.hasPdfPreview\" hidden class=\"wp-block-file__embed\" data=\"https:\/\/lamoto.org\/wp-content\/uploads\/2025\/05\/200903-accus.recep_.modif_.statuts.Serv_.public-1.pdf\" type=\"application\/pdf\" style=\"width:100%;height:300px\" aria-label=\"Contenu embarqu\u00e9 200903-accus.recep.modif.statuts.Serv.public (1).\"><\/object><a id=\"wp-block-file--media-c82352ce-2380-47c0-acc6-677e38e8882b\" href=\"https:\/\/lamoto.org\/wp-content\/uploads\/2025\/05\/200903-accus.recep_.modif_.statuts.Serv_.public-1.pdf\">200903-accus.recep.modif.statuts.Serv.public (1)<\/a><a href=\"https:\/\/lamoto.org\/wp-content\/uploads\/2025\/05\/200903-accus.recep_.modif_.statuts.Serv_.public-1.pdf\" class=\"wp-block-file__button wp-element-button\" download aria-describedby=\"wp-block-file--media-c82352ce-2380-47c0-acc6-677e38e8882b\">T\u00e9l\u00e9charger<\/a><\/div>\n\n\n\n<div data-wp-interactive=\"core\/file\" class=\"wp-block-file\"><object data-wp-bind--hidden=\"!state.hasPdfPreview\" hidden class=\"wp-block-file__embed\" data=\"https:\/\/lamoto.org\/wp-content\/uploads\/2025\/05\/200909-AR-SPref.modifs.statuts-LAMOTO-02082020.pdf\" type=\"application\/pdf\" style=\"width:100%;height:300px\" aria-label=\"Contenu embarqu\u00e9 200909-AR-SPref.modifs.statuts LAMOTO-02082020..\"><\/object><a id=\"wp-block-file--media-e5dc501a-f482-44a5-a9a5-dc0dcdaf854c\" href=\"https:\/\/lamoto.org\/wp-content\/uploads\/2025\/05\/200909-AR-SPref.modifs.statuts-LAMOTO-02082020.pdf\">200909-AR-SPref.modifs.statuts LAMOTO-02082020.<\/a><a href=\"https:\/\/lamoto.org\/wp-content\/uploads\/2025\/05\/200909-AR-SPref.modifs.statuts-LAMOTO-02082020.pdf\" class=\"wp-block-file__button wp-element-button\" download aria-describedby=\"wp-block-file--media-e5dc501a-f482-44a5-a9a5-dc0dcdaf854c\">T\u00e9l\u00e9charger<\/a><\/div>\n\n\n\n<div data-wp-interactive=\"core\/file\" class=\"wp-block-file\"><object data-wp-bind--hidden=\"!state.hasPdfPreview\" hidden class=\"wp-block-file__embed\" data=\"https:\/\/lamoto.org\/wp-content\/uploads\/2025\/05\/241103-K-BIS-LAMOTO-80203326600015.pdf\" type=\"application\/pdf\" style=\"width:100%;height:300px\" aria-label=\"Contenu embarqu\u00e9 241103-K-BIS-LAMOTO-80203326600015.\"><\/object><a id=\"wp-block-file--media-dff0b14d-9ea4-40b1-b135-bb262bf650bc\" href=\"https:\/\/lamoto.org\/wp-content\/uploads\/2025\/05\/241103-K-BIS-LAMOTO-80203326600015.pdf\">241103-K-BIS-LAMOTO-80203326600015<\/a><a href=\"https:\/\/lamoto.org\/wp-content\/uploads\/2025\/05\/241103-K-BIS-LAMOTO-80203326600015.pdf\" class=\"wp-block-file__button wp-element-button\" download aria-describedby=\"wp-block-file--media-dff0b14d-9ea4-40b1-b135-bb262bf650bc\">T\u00e9l\u00e9charger<\/a><\/div>\n\n\n\n<div data-wp-interactive=\"core\/file\" class=\"wp-block-file\"><object data-wp-bind--hidden=\"!state.hasPdfPreview\" hidden class=\"wp-block-file__embed\" data=\"https:\/\/lamoto.org\/wp-content\/uploads\/2025\/05\/250415-releveDecisionAGEX-15042025.pdf\" type=\"application\/pdf\" style=\"width:100%;height:600px\" aria-label=\"Contenu embarqu\u00e9 250415-releveDecisionAGEX-15042025.\"><\/object><a id=\"wp-block-file--media-fdb4e7f2-7161-490c-be9c-f474b3a947cf\" href=\"https:\/\/lamoto.org\/wp-content\/uploads\/2025\/05\/250415-releveDecisionAGEX-15042025.pdf\">250415-releveDecisionAGEX-15042025<\/a><a href=\"https:\/\/lamoto.org\/wp-content\/uploads\/2025\/05\/250415-releveDecisionAGEX-15042025.pdf\" class=\"wp-block-file__button wp-element-button\" download aria-describedby=\"wp-block-file--media-fdb4e7f2-7161-490c-be9c-f474b3a947cf\">T\u00e9l\u00e9charger<\/a><\/div>\n","protected":false},"excerpt":{"rendered":"","protected":false},"author":2,"featured_media":0,"parent":0,"menu_order":0,"comment_status":"closed","ping_status":"closed","template":"","meta":{"neve_meta_sidebar":"","neve_meta_container":"","neve_meta_enable_content_width":"","neve_meta_content_width":0,"neve_meta_title_alignment":"","neve_meta_author_avatar":"","neve_post_elements_order":"","neve_meta_disable_header":"","neve_meta_disable_footer":"","neve_meta_disable_title":"","two_page_speed":[],"footnotes":""},"class_list":["post-134","page","type-page","status-publish","hentry"],"yoast_head":"<!-- This site is optimized with the Yoast SEO plugin v25.0 - https:\/\/yoast.com\/wordpress\/plugins\/seo\/ -->\n<title>Informations administratives r\u00e9glementaires et historiques - Association La Moto<\/title>\n<meta name=\"robots\" content=\"index, follow, max-snippet:-1, max-image-preview:large, max-video-preview:-1\" \/>\n<link rel=\"canonical\" href=\"https:\/\/lamoto.org\/index.php\/informations-administratives-reglementaires-et-historiques\/\" \/>\n<meta property=\"og:locale\" content=\"fr_FR\" \/>\n<meta property=\"og:type\" content=\"article\" \/>\n<meta property=\"og:title\" content=\"Informations administratives r\u00e9glementaires et historiques - Association La Moto\" \/>\n<meta property=\"og:url\" content=\"https:\/\/lamoto.org\/index.php\/informations-administratives-reglementaires-et-historiques\/\" \/>\n<meta property=\"og:site_name\" content=\"Association La Moto\" \/>\n<meta property=\"article:publisher\" content=\"https:\/\/www.facebook.com\/profile.php?id=100080511463613&amp;locale=fr_FR\" \/>\n<meta property=\"article:modified_time\" content=\"2025-05-08T16:56:09+00:00\" \/>\n<meta name=\"twitter:card\" content=\"summary_large_image\" \/>\n<meta name=\"twitter:label1\" content=\"Dur\u00e9e de lecture estim\u00e9e\" \/>\n\t<meta name=\"twitter:data1\" content=\"1 minute\" \/>\n<script type=\"application\/ld+json\" class=\"yoast-schema-graph\">{\"@context\":\"https:\/\/schema.org\",\"@graph\":[{\"@type\":\"WebPage\",\"@id\":\"https:\/\/lamoto.org\/index.php\/informations-administratives-reglementaires-et-historiques\/\",\"url\":\"https:\/\/lamoto.org\/index.php\/informations-administratives-reglementaires-et-historiques\/\",\"name\":\"Informations administratives r\u00e9glementaires et historiques - Association La Moto\",\"isPartOf\":{\"@id\":\"https:\/\/lamoto.org\/#website\"},\"datePublished\":\"2025-05-08T16:54:55+00:00\",\"dateModified\":\"2025-05-08T16:56:09+00:00\",\"breadcrumb\":{\"@id\":\"https:\/\/lamoto.org\/index.php\/informations-administratives-reglementaires-et-historiques\/#breadcrumb\"},\"inLanguage\":\"fr-FR\",\"potentialAction\":[{\"@type\":\"ReadAction\",\"target\":[\"https:\/\/lamoto.org\/index.php\/informations-administratives-reglementaires-et-historiques\/\"]}]},{\"@type\":\"BreadcrumbList\",\"@id\":\"https:\/\/lamoto.org\/index.php\/informations-administratives-reglementaires-et-historiques\/#breadcrumb\",\"itemListElement\":[{\"@type\":\"ListItem\",\"position\":1,\"name\":\"Accueil\",\"item\":\"https:\/\/lamoto.org\/\"},{\"@type\":\"ListItem\",\"position\":2,\"name\":\"Informations administratives r\u00e9glementaires et historiques\"}]},{\"@type\":\"WebSite\",\"@id\":\"https:\/\/lamoto.org\/#website\",\"url\":\"https:\/\/lamoto.org\/\",\"name\":\"Association La Moto\",\"description\":\"L&#039;association des motards de tourisme\",\"publisher\":{\"@id\":\"https:\/\/lamoto.org\/#organization\"},\"potentialAction\":[{\"@type\":\"SearchAction\",\"target\":{\"@type\":\"EntryPoint\",\"urlTemplate\":\"https:\/\/lamoto.org\/?s={search_term_string}\"},\"query-input\":{\"@type\":\"PropertyValueSpecification\",\"valueRequired\":true,\"valueName\":\"search_term_string\"}}],\"inLanguage\":\"fr-FR\"},{\"@type\":\"Organization\",\"@id\":\"https:\/\/lamoto.org\/#organization\",\"name\":\"Association La Moto\",\"url\":\"https:\/\/lamoto.org\/\",\"logo\":{\"@type\":\"ImageObject\",\"inLanguage\":\"fr-FR\",\"@id\":\"https:\/\/lamoto.org\/#\/schema\/logo\/image\/\",\"url\":\"http:\/\/lamoto.org\/wp-content\/uploads\/2025\/04\/221020-Logo.lamoto.png\",\"contentUrl\":\"http:\/\/lamoto.org\/wp-content\/uploads\/2025\/04\/221020-Logo.lamoto.png\",\"width\":360,\"height\":116,\"caption\":\"Association La Moto\"},\"image\":{\"@id\":\"https:\/\/lamoto.org\/#\/schema\/logo\/image\/\"},\"sameAs\":[\"https:\/\/www.facebook.com\/profile.php?id=100080511463613&locale=fr_FR\"]}]}<\/script>\n<!-- \/ Yoast SEO plugin. -->","yoast_head_json":{"title":"Informations administratives r\u00e9glementaires et historiques - Association La Moto","robots":{"index":"index","follow":"follow","max-snippet":"max-snippet:-1","max-image-preview":"max-image-preview:large","max-video-preview":"max-video-preview:-1"},"canonical":"https:\/\/lamoto.org\/index.php\/informations-administratives-reglementaires-et-historiques\/","og_locale":"fr_FR","og_type":"article","og_title":"Informations administratives r\u00e9glementaires et historiques - Association La Moto","og_url":"https:\/\/lamoto.org\/index.php\/informations-administratives-reglementaires-et-historiques\/","og_site_name":"Association La Moto","article_publisher":"https:\/\/www.facebook.com\/profile.php?id=100080511463613&locale=fr_FR","article_modified_time":"2025-05-08T16:56:09+00:00","twitter_card":"summary_large_image","twitter_misc":{"Dur\u00e9e de lecture estim\u00e9e":"1 minute"},"schema":{"@context":"https:\/\/schema.org","@graph":[{"@type":"WebPage","@id":"https:\/\/lamoto.org\/index.php\/informations-administratives-reglementaires-et-historiques\/","url":"https:\/\/lamoto.org\/index.php\/informations-administratives-reglementaires-et-historiques\/","name":"Informations administratives r\u00e9glementaires et historiques - Association La Moto","isPartOf":{"@id":"https:\/\/lamoto.org\/#website"},"datePublished":"2025-05-08T16:54:55+00:00","dateModified":"2025-05-08T16:56:09+00:00","breadcrumb":{"@id":"https:\/\/lamoto.org\/index.php\/informations-administratives-reglementaires-et-historiques\/#breadcrumb"},"inLanguage":"fr-FR","potentialAction":[{"@type":"ReadAction","target":["https:\/\/lamoto.org\/index.php\/informations-administratives-reglementaires-et-historiques\/"]}]},{"@type":"BreadcrumbList","@id":"https:\/\/lamoto.org\/index.php\/informations-administratives-reglementaires-et-historiques\/#breadcrumb","itemListElement":[{"@type":"ListItem","position":1,"name":"Accueil","item":"https:\/\/lamoto.org\/"},{"@type":"ListItem","position":2,"name":"Informations administratives r\u00e9glementaires et historiques"}]},{"@type":"WebSite","@id":"https:\/\/lamoto.org\/#website","url":"https:\/\/lamoto.org\/","name":"Association La Moto","description":"L&#039;association des motards de tourisme","publisher":{"@id":"https:\/\/lamoto.org\/#organization"},"potentialAction":[{"@type":"SearchAction","target":{"@type":"EntryPoint","urlTemplate":"https:\/\/lamoto.org\/?s={search_term_string}"},"query-input":{"@type":"PropertyValueSpecification","valueRequired":true,"valueName":"search_term_string"}}],"inLanguage":"fr-FR"},{"@type":"Organization","@id":"https:\/\/lamoto.org\/#organization","name":"Association La Moto","url":"https:\/\/lamoto.org\/","logo":{"@type":"ImageObject","inLanguage":"fr-FR","@id":"https:\/\/lamoto.org\/#\/schema\/logo\/image\/","url":"http:\/\/lamoto.org\/wp-content\/uploads\/2025\/04\/221020-Logo.lamoto.png","contentUrl":"http:\/\/lamoto.org\/wp-content\/uploads\/2025\/04\/221020-Logo.lamoto.png","width":360,"height":116,"caption":"Association La Moto"},"image":{"@id":"https:\/\/lamoto.org\/#\/schema\/logo\/image\/"},"sameAs":["https:\/\/www.facebook.com\/profile.php?id=100080511463613&locale=fr_FR"]}]}},"_links":{"self":[{"href":"https:\/\/lamoto.org\/index.php\/wp-json\/wp\/v2\/pages\/134","targetHints":{"allow":["GET"]}}],"collection":[{"href":"https:\/\/lamoto.org\/index.php\/wp-json\/wp\/v2\/pages"}],"about":[{"href":"https:\/\/lamoto.org\/index.php\/wp-json\/wp\/v2\/types\/page"}],"author":[{"embeddable":true,"href":"https:\/\/lamoto.org\/index.php\/wp-json\/wp\/v2\/users\/2"}],"replies":[{"embeddable":true,"href":"https:\/\/lamoto.org\/index.php\/wp-json\/wp\/v2\/comments?post=134"}],"version-history":[{"count":2,"href":"https:\/\/lamoto.org\/index.php\/wp-json\/wp\/v2\/pages\/134\/revisions"}],"predecessor-version":[{"id":144,"href":"https:\/\/lamoto.org\/index.php\/wp-json\/wp\/v2\/pages\/134\/revisions\/144"}],"wp:attachment":[{"href":"https:\/\/lamoto.org\/index.php\/wp-json\/wp\/v2\/media?parent=134"}],"curies":[{"name":"wp","href":"https:\/\/api.w.org\/{rel}","templated":true}]}}