{"id":57,"date":"2025-04-12T23:15:13","date_gmt":"2025-04-12T21:15:13","guid":{"rendered":"https:\/\/lamoto.org\/?page_id=57"},"modified":"2025-05-08T18:10:02","modified_gmt":"2025-05-08T16:10:02","slug":"comite-directeur","status":"publish","type":"page","link":"https:\/\/lamoto.org\/index.php\/comite-directeur\/","title":{"rendered":"Comit\u00e9 directeur"},"content":{"rendered":"\n<h1 class=\"wp-block-heading\">Objectifs poursuivis par le comit\u00e9 pour le tourisme \u00e0 moto<\/h1>\n\n\n\n<ul class=\"wp-block-list\">\n<li>Administrer et animer l&rsquo;association<\/li>\n\n\n\n<li>Rassembler les motards partageant une m\u00eame philosophie de roulage<\/li>\n\n\n\n<li>Faire et publier des propositions pour une pratique s\u00e9curitaire et de qualit\u00e9<\/li>\n\n\n\n<li>Promouvoir le Championnat de France de Tourisme (CFT)<\/li>\n\n\n\n<li>&#8230;<\/li>\n<\/ul>\n\n\n\n<h3 class=\"wp-block-heading\">Composition du comit\u00e9 directeur<\/h3>\n\n\n\n<h4 class=\"wp-block-heading\">Pr\u00e9sident<\/h4>\n\n\n\n<figure class=\"wp-block-table\"><table class=\"has-fixed-layout\"><tbody><tr><td><img decoding=\"async\" data-src=\"https:\/\/web.archive.org\/web\/20231206040555im_\/http:\/\/lamoto.org\/images\/lamoto\/alain_bonhomme.png\" alt=\"\" src=\"data:image\/gif;base64,R0lGODlhAQABAAAAACH5BAEKAAEALAAAAAABAAEAAAICTAEAOw==\" class=\"lazyload\"><\/td><td><strong>Alain Bonhomme<\/strong><br>2 A, rue du Margat 85400 LES MAGNILS REIGNIERS<br>02 51 56 83 76 \/ 06 71 96 28 96<br><a href=\"https:\/\/web.archive.org\/web\/20231206040555\/http:\/\/lamoto.org\/courrielunique.php?id=non&amp;page=18&amp;qui=ducomite&amp;mail=president@lamoto.org\"><\/a><a href=\"mailto:president@lamoto.org\">president@lamoto.org<\/a><\/td><\/tr><\/tbody><\/table><\/figure>\n\n\n\n<hr class=\"wp-block-separator has-alpha-channel-opacity\"\/>\n\n\n\n<h4 class=\"wp-block-heading\">Secr\u00e9taire<\/h4>\n\n\n\n<figure class=\"wp-block-table\"><table class=\"has-fixed-layout\"><tbody><tr><td><img decoding=\"async\" data-src=\"https:\/\/web.archive.org\/web\/20231206040555im_\/http:\/\/lamoto.org\/images\/lamoto\/pat.jpg\" alt=\"\" src=\"data:image\/gif;base64,R0lGODlhAQABAAAAACH5BAEKAAEALAAAAAABAAEAAAICTAEAOw==\" class=\"lazyload\"><\/td><td><strong>Jacky Math\u00e9<\/strong><br>11 rue Georges Clemenceau 85400 Chasnais<br><a href=\"mailto:secretaire@lamoto.org\">secretaire@lamoto.org<\/a><br><\/td><\/tr><\/tbody><\/table><\/figure>\n\n\n\n<hr class=\"wp-block-separator has-alpha-channel-opacity\"\/>\n\n\n\n<h4 class=\"wp-block-heading\">Tr\u00e9sorier<\/h4>\n\n\n\n<figure class=\"wp-block-table\"><table class=\"has-fixed-layout\"><tbody><tr><td><img decoding=\"async\" data-src=\"https:\/\/web.archive.org\/web\/20231206040555im_\/http:\/\/lamoto.org\/images\/lamoto\/pat.jpg\" alt=\"\" src=\"data:image\/gif;base64,R0lGODlhAQABAAAAACH5BAEKAAEALAAAAAABAAEAAAICTAEAOw==\" class=\"lazyload\"><\/td><td><strong>Florent Guibot<\/strong><br>2 lotissement des violettes 85320 Corpe <br><\/td><\/tr><\/tbody><\/table><\/figure>\n\n\n\n<hr class=\"wp-block-separator has-alpha-channel-opacity\"\/>\n\n\n\n<h4 class=\"wp-block-heading\">Membre d&rsquo;honneur<\/h4>\n\n\n\n<figure class=\"wp-block-table\"><table class=\"has-fixed-layout\"><tbody><tr><td><img decoding=\"async\" data-src=\"https:\/\/web.archive.org\/web\/20231206040555im_\/http:\/\/lamoto.org\/images\/lamoto\/christian.jpg\" alt=\"\" src=\"data:image\/gif;base64,R0lGODlhAQABAAAAACH5BAEKAAEALAAAAAABAAEAAAICTAEAOw==\" class=\"lazyload\"><\/td><td><strong>Christian SARDIN<\/strong><br>5 rue de la Couronne &#8211; Domaine du Bois Menu 16340 L&rsquo;ISLE D&rsquo;ESPAGNAC<br>06 86 63 28 65<br><a href=\"https:\/\/web.archive.org\/web\/20231206040555\/http:\/\/lamoto.org\/courrielunique.php?id=non&amp;page=18&amp;qui=ducomite&amp;mail=christian.Sardin@lamoto.org\"><\/a><a href=\"mailto:christian.Sardin@lamoto.org\">christian.Sardin@lamoto.org<\/a><\/td><\/tr><\/tbody><\/table><\/figure>\n\n\n\n<hr class=\"wp-block-separator has-alpha-channel-opacity\"\/>\n\n\n\n<h4 class=\"wp-block-heading\">Membre d&rsquo;honneur<\/h4>\n\n\n\n<figure class=\"wp-block-table\"><table class=\"has-fixed-layout\"><tbody><tr><td><img decoding=\"async\" data-src=\"https:\/\/web.archive.org\/web\/20231206040555im_\/http:\/\/lamoto.org\/images\/lamoto\/yvan_vaneson.png\" alt=\"\" src=\"data:image\/gif;base64,R0lGODlhAQABAAAAACH5BAEKAAEALAAAAAABAAEAAAICTAEAOw==\" class=\"lazyload\"><\/td><td><strong>Yvan Vaneson<\/strong><br>20 rue de la gare &#8211; 57340 RODALBE<br>03 87 05 29 09<\/td><\/tr><\/tbody><\/table><\/figure>\n\n\n\n<hr class=\"wp-block-separator has-alpha-channel-opacity\"\/>\n\n\n\n<h4 class=\"wp-block-heading\">Membre d&rsquo;honneur<\/h4>\n\n\n\n<figure class=\"wp-block-table\"><table class=\"has-fixed-layout\"><tbody><tr><td><img decoding=\"async\" data-src=\"https:\/\/web.archive.org\/web\/20231206040555im_\/http:\/\/lamoto.org\/images\/lamoto\/pat.jpg\" alt=\"\" src=\"data:image\/gif;base64,R0lGODlhAQABAAAAACH5BAEKAAEALAAAAAABAAEAAAICTAEAOw==\" class=\"lazyload\"><\/td><td><strong>Patrick SAYOU<\/strong><br>les plains 71110 BAUGY<br>06&nbsp;82 54 44 56<br><\/td><\/tr><\/tbody><\/table><\/figure>\n","protected":false},"excerpt":{"rendered":"<p>Objectifs poursuivis par le comit\u00e9 pour le tourisme \u00e0 moto Composition du comit\u00e9 directeur Pr\u00e9sident Alain Bonhomme2 A, rue du Margat 85400 LES MAGNILS REIGNIERS02 51 56 83 76 \/ 06 71 96 28 96president@lamoto.org Secr\u00e9taire Jacky Math\u00e911 rue Georges Clemenceau 85400 Chasnaissecretaire@lamoto.org Tr\u00e9sorier Florent Guibot2 lotissement des violettes 85320 Corpe Membre d&rsquo;honneur Christian SARDIN5&hellip;&nbsp;<a href=\"https:\/\/lamoto.org\/index.php\/comite-directeur\/\" rel=\"bookmark\">Lire la suite &raquo;<span class=\"screen-reader-text\">Comit\u00e9 directeur<\/span><\/a><\/p>\n","protected":false},"author":1,"featured_media":0,"parent":0,"menu_order":0,"comment_status":"closed","ping_status":"closed","template":"","meta":{"neve_meta_sidebar":"","neve_meta_container":"","neve_meta_enable_content_width":"","neve_meta_content_width":0,"neve_meta_title_alignment":"","neve_meta_author_avatar":"","neve_post_elements_order":"","neve_meta_disable_header":"","neve_meta_disable_footer":"","neve_meta_disable_title":"","two_page_speed":[],"footnotes":""},"class_list":["post-57","page","type-page","status-publish","hentry"],"yoast_head":"<!-- This site is optimized with the Yoast SEO plugin v25.0 - https:\/\/yoast.com\/wordpress\/plugins\/seo\/ -->\n<title>Comit\u00e9 directeur - Association La Moto<\/title>\n<meta name=\"robots\" content=\"index, follow, max-snippet:-1, max-image-preview:large, max-video-preview:-1\" \/>\n<link rel=\"canonical\" href=\"https:\/\/lamoto.org\/index.php\/comite-directeur\/\" \/>\n<meta property=\"og:locale\" content=\"fr_FR\" \/>\n<meta property=\"og:type\" content=\"article\" \/>\n<meta property=\"og:title\" content=\"Comit\u00e9 directeur - Association La Moto\" \/>\n<meta property=\"og:description\" content=\"Objectifs poursuivis par le comit\u00e9 pour le tourisme \u00e0 moto Composition du comit\u00e9 directeur Pr\u00e9sident Alain Bonhomme2 A, rue du Margat 85400 LES MAGNILS REIGNIERS02 51 56 83 76 \/ 06 71 96 28 96president@lamoto.org Secr\u00e9taire Jacky Math\u00e911 rue Georges Clemenceau 85400 Chasnaissecretaire@lamoto.org Tr\u00e9sorier Florent Guibot2 lotissement des violettes 85320 Corpe Membre d&rsquo;honneur Christian SARDIN5&hellip;&nbsp;Lire la suite &raquo;Comit\u00e9 directeur\" \/>\n<meta property=\"og:url\" content=\"https:\/\/lamoto.org\/index.php\/comite-directeur\/\" \/>\n<meta property=\"og:site_name\" content=\"Association La Moto\" \/>\n<meta property=\"article:publisher\" content=\"https:\/\/www.facebook.com\/profile.php?id=100080511463613&amp;locale=fr_FR\" \/>\n<meta property=\"article:modified_time\" content=\"2025-05-08T16:10:02+00:00\" \/>\n<meta property=\"og:image\" content=\"https:\/\/web.archive.org\/web\/20231206040555im_\/http:\/\/lamoto.org\/images\/lamoto\/alain_bonhomme.png\" \/>\n<meta name=\"twitter:card\" content=\"summary_large_image\" \/>\n<meta name=\"twitter:label1\" content=\"Dur\u00e9e de lecture estim\u00e9e\" \/>\n\t<meta name=\"twitter:data1\" content=\"2 minutes\" \/>\n<script type=\"application\/ld+json\" class=\"yoast-schema-graph\">{\"@context\":\"https:\/\/schema.org\",\"@graph\":[{\"@type\":\"WebPage\",\"@id\":\"https:\/\/lamoto.org\/index.php\/comite-directeur\/\",\"url\":\"https:\/\/lamoto.org\/index.php\/comite-directeur\/\",\"name\":\"Comit\u00e9 directeur - Association La Moto\",\"isPartOf\":{\"@id\":\"https:\/\/lamoto.org\/#website\"},\"primaryImageOfPage\":{\"@id\":\"https:\/\/lamoto.org\/index.php\/comite-directeur\/#primaryimage\"},\"image\":{\"@id\":\"https:\/\/lamoto.org\/index.php\/comite-directeur\/#primaryimage\"},\"thumbnailUrl\":\"https:\/\/web.archive.org\/web\/20231206040555im_\/http:\/\/lamoto.org\/images\/lamoto\/alain_bonhomme.png\",\"datePublished\":\"2025-04-12T21:15:13+00:00\",\"dateModified\":\"2025-05-08T16:10:02+00:00\",\"breadcrumb\":{\"@id\":\"https:\/\/lamoto.org\/index.php\/comite-directeur\/#breadcrumb\"},\"inLanguage\":\"fr-FR\",\"potentialAction\":[{\"@type\":\"ReadAction\",\"target\":[\"https:\/\/lamoto.org\/index.php\/comite-directeur\/\"]}]},{\"@type\":\"ImageObject\",\"inLanguage\":\"fr-FR\",\"@id\":\"https:\/\/lamoto.org\/index.php\/comite-directeur\/#primaryimage\",\"url\":\"https:\/\/web.archive.org\/web\/20231206040555im_\/http:\/\/lamoto.org\/images\/lamoto\/alain_bonhomme.png\",\"contentUrl\":\"https:\/\/web.archive.org\/web\/20231206040555im_\/http:\/\/lamoto.org\/images\/lamoto\/alain_bonhomme.png\"},{\"@type\":\"BreadcrumbList\",\"@id\":\"https:\/\/lamoto.org\/index.php\/comite-directeur\/#breadcrumb\",\"itemListElement\":[{\"@type\":\"ListItem\",\"position\":1,\"name\":\"Accueil\",\"item\":\"https:\/\/lamoto.org\/\"},{\"@type\":\"ListItem\",\"position\":2,\"name\":\"Comit\u00e9 directeur\"}]},{\"@type\":\"WebSite\",\"@id\":\"https:\/\/lamoto.org\/#website\",\"url\":\"https:\/\/lamoto.org\/\",\"name\":\"Association La Moto\",\"description\":\"L&#039;association des motards de tourisme\",\"publisher\":{\"@id\":\"https:\/\/lamoto.org\/#organization\"},\"potentialAction\":[{\"@type\":\"SearchAction\",\"target\":{\"@type\":\"EntryPoint\",\"urlTemplate\":\"https:\/\/lamoto.org\/?s={search_term_string}\"},\"query-input\":{\"@type\":\"PropertyValueSpecification\",\"valueRequired\":true,\"valueName\":\"search_term_string\"}}],\"inLanguage\":\"fr-FR\"},{\"@type\":\"Organization\",\"@id\":\"https:\/\/lamoto.org\/#organization\",\"name\":\"Association La Moto\",\"url\":\"https:\/\/lamoto.org\/\",\"logo\":{\"@type\":\"ImageObject\",\"inLanguage\":\"fr-FR\",\"@id\":\"https:\/\/lamoto.org\/#\/schema\/logo\/image\/\",\"url\":\"http:\/\/lamoto.org\/wp-content\/uploads\/2025\/04\/221020-Logo.lamoto.png\",\"contentUrl\":\"http:\/\/lamoto.org\/wp-content\/uploads\/2025\/04\/221020-Logo.lamoto.png\",\"width\":360,\"height\":116,\"caption\":\"Association La Moto\"},\"image\":{\"@id\":\"https:\/\/lamoto.org\/#\/schema\/logo\/image\/\"},\"sameAs\":[\"https:\/\/www.facebook.com\/profile.php?id=100080511463613&locale=fr_FR\"]}]}<\/script>\n<!-- \/ Yoast SEO plugin. -->","yoast_head_json":{"title":"Comit\u00e9 directeur - Association La Moto","robots":{"index":"index","follow":"follow","max-snippet":"max-snippet:-1","max-image-preview":"max-image-preview:large","max-video-preview":"max-video-preview:-1"},"canonical":"https:\/\/lamoto.org\/index.php\/comite-directeur\/","og_locale":"fr_FR","og_type":"article","og_title":"Comit\u00e9 directeur - Association La Moto","og_description":"Objectifs poursuivis par le comit\u00e9 pour le tourisme \u00e0 moto Composition du comit\u00e9 directeur Pr\u00e9sident Alain Bonhomme2 A, rue du Margat 85400 LES MAGNILS REIGNIERS02 51 56 83 76 \/ 06 71 96 28 96president@lamoto.org Secr\u00e9taire Jacky Math\u00e911 rue Georges Clemenceau 85400 Chasnaissecretaire@lamoto.org Tr\u00e9sorier Florent Guibot2 lotissement des violettes 85320 Corpe Membre d&rsquo;honneur Christian SARDIN5&hellip;&nbsp;Lire la suite &raquo;Comit\u00e9 directeur","og_url":"https:\/\/lamoto.org\/index.php\/comite-directeur\/","og_site_name":"Association La Moto","article_publisher":"https:\/\/www.facebook.com\/profile.php?id=100080511463613&locale=fr_FR","article_modified_time":"2025-05-08T16:10:02+00:00","og_image":[{"url":"https:\/\/web.archive.org\/web\/20231206040555im_\/http:\/\/lamoto.org\/images\/lamoto\/alain_bonhomme.png","type":"","width":"","height":""}],"twitter_card":"summary_large_image","twitter_misc":{"Dur\u00e9e de lecture estim\u00e9e":"2 minutes"},"schema":{"@context":"https:\/\/schema.org","@graph":[{"@type":"WebPage","@id":"https:\/\/lamoto.org\/index.php\/comite-directeur\/","url":"https:\/\/lamoto.org\/index.php\/comite-directeur\/","name":"Comit\u00e9 directeur - Association La Moto","isPartOf":{"@id":"https:\/\/lamoto.org\/#website"},"primaryImageOfPage":{"@id":"https:\/\/lamoto.org\/index.php\/comite-directeur\/#primaryimage"},"image":{"@id":"https:\/\/lamoto.org\/index.php\/comite-directeur\/#primaryimage"},"thumbnailUrl":"https:\/\/web.archive.org\/web\/20231206040555im_\/http:\/\/lamoto.org\/images\/lamoto\/alain_bonhomme.png","datePublished":"2025-04-12T21:15:13+00:00","dateModified":"2025-05-08T16:10:02+00:00","breadcrumb":{"@id":"https:\/\/lamoto.org\/index.php\/comite-directeur\/#breadcrumb"},"inLanguage":"fr-FR","potentialAction":[{"@type":"ReadAction","target":["https:\/\/lamoto.org\/index.php\/comite-directeur\/"]}]},{"@type":"ImageObject","inLanguage":"fr-FR","@id":"https:\/\/lamoto.org\/index.php\/comite-directeur\/#primaryimage","url":"https:\/\/web.archive.org\/web\/20231206040555im_\/http:\/\/lamoto.org\/images\/lamoto\/alain_bonhomme.png","contentUrl":"https:\/\/web.archive.org\/web\/20231206040555im_\/http:\/\/lamoto.org\/images\/lamoto\/alain_bonhomme.png"},{"@type":"BreadcrumbList","@id":"https:\/\/lamoto.org\/index.php\/comite-directeur\/#breadcrumb","itemListElement":[{"@type":"ListItem","position":1,"name":"Accueil","item":"https:\/\/lamoto.org\/"},{"@type":"ListItem","position":2,"name":"Comit\u00e9 directeur"}]},{"@type":"WebSite","@id":"https:\/\/lamoto.org\/#website","url":"https:\/\/lamoto.org\/","name":"Association La Moto","description":"L&#039;association des motards de tourisme","publisher":{"@id":"https:\/\/lamoto.org\/#organization"},"potentialAction":[{"@type":"SearchAction","target":{"@type":"EntryPoint","urlTemplate":"https:\/\/lamoto.org\/?s={search_term_string}"},"query-input":{"@type":"PropertyValueSpecification","valueRequired":true,"valueName":"search_term_string"}}],"inLanguage":"fr-FR"},{"@type":"Organization","@id":"https:\/\/lamoto.org\/#organization","name":"Association La Moto","url":"https:\/\/lamoto.org\/","logo":{"@type":"ImageObject","inLanguage":"fr-FR","@id":"https:\/\/lamoto.org\/#\/schema\/logo\/image\/","url":"http:\/\/lamoto.org\/wp-content\/uploads\/2025\/04\/221020-Logo.lamoto.png","contentUrl":"http:\/\/lamoto.org\/wp-content\/uploads\/2025\/04\/221020-Logo.lamoto.png","width":360,"height":116,"caption":"Association La Moto"},"image":{"@id":"https:\/\/lamoto.org\/#\/schema\/logo\/image\/"},"sameAs":["https:\/\/www.facebook.com\/profile.php?id=100080511463613&locale=fr_FR"]}]}},"_links":{"self":[{"href":"https:\/\/lamoto.org\/index.php\/wp-json\/wp\/v2\/pages\/57","targetHints":{"allow":["GET"]}}],"collection":[{"href":"https:\/\/lamoto.org\/index.php\/wp-json\/wp\/v2\/pages"}],"about":[{"href":"https:\/\/lamoto.org\/index.php\/wp-json\/wp\/v2\/types\/page"}],"author":[{"embeddable":true,"href":"https:\/\/lamoto.org\/index.php\/wp-json\/wp\/v2\/users\/1"}],"replies":[{"embeddable":true,"href":"https:\/\/lamoto.org\/index.php\/wp-json\/wp\/v2\/comments?post=57"}],"version-history":[{"count":4,"href":"https:\/\/lamoto.org\/index.php\/wp-json\/wp\/v2\/pages\/57\/revisions"}],"predecessor-version":[{"id":120,"href":"https:\/\/lamoto.org\/index.php\/wp-json\/wp\/v2\/pages\/57\/revisions\/120"}],"wp:attachment":[{"href":"https:\/\/lamoto.org\/index.php\/wp-json\/wp\/v2\/media?parent=57"}],"curies":[{"name":"wp","href":"https:\/\/api.w.org\/{rel}","templated":true}]}}